{"id":942,"date":"2022-06-19T14:12:15","date_gmt":"2022-06-19T14:12:15","guid":{"rendered":"https:\/\/steinmetz-merker.com\/?page_id=942"},"modified":"2022-12-30T11:20:08","modified_gmt":"2022-12-30T11:20:08","slug":"aktuelle-information","status":"publish","type":"page","link":"https:\/\/steinmetz-merker.com\/?page_id=942","title":{"rendered":"AKTUELLE INFORMATION"},"content":{"rendered":"\t\t<div data-elementor-type=\"wp-page\" data-elementor-id=\"942\" class=\"elementor elementor-942\">\n\t\t\t\t\t\t<section class=\"elementor-section elementor-top-section elementor-element elementor-element-2a9fc123 elementor-section-boxed elementor-section-height-default elementor-section-height-default\" data-id=\"2a9fc123\" data-element_type=\"section\">\n\t\t\t\t\t\t<div class=\"elementor-container elementor-column-gap-default\">\n\t\t\t\t\t<div class=\"elementor-column elementor-col-100 elementor-top-column elementor-element elementor-element-3105a4e7\" data-id=\"3105a4e7\" data-element_type=\"column\">\n\t\t\t<div class=\"elementor-widget-wrap elementor-element-populated\">\n\t\t\t\t\t\t<div class=\"elementor-element elementor-element-52c9619b elementor-widget elementor-widget-text-editor\" data-id=\"52c9619b\" data-element_type=\"widget\" data-widget_type=\"text-editor.default\">\n\t\t\t\t<div class=\"elementor-widget-container\">\n\t\t\t\t\t\t\t\t\t<p>Liebe Kunden,<\/p><p>wir m\u00f6chten uns aus gegebenem Anlass ganz herzlich f\u00fcr Ihr Verst\u00e4ndnis und Ihre Geduld bedanken.<\/p><p>Wie den meisten unserer Kunden bekannt ist, haben wir aktuell eine Situation (Personalmangel, Arbeitsausfall durch Krankheit, Lieferzeiten bei Rohmaterial, uvm.) die uns Schwierigkeiten bereitet. Dadurch k\u00f6nnen wir unsere gewohnten Terminzusagen manchmal nicht einhalten und es kommt leider zu zeitlichen Verz\u00f6gerungen in der Ausf\u00fchrung \/ Fertigstellung der Auftr\u00e4ge.<\/p><p>Wir sind absolut bem\u00fcht und setzen alles daran, die Arbeiten so schnell wie m\u00f6glich auszuf\u00fchren.<\/p><p>Sollten Sie Fragen haben, stehen wir gerne f\u00fcr ein Gespr\u00e4ch zur Verf\u00fcgung.<\/p><p>\u00a0<\/p><p>Vielen Dank nochmals f\u00fcr ihr Verst\u00e4ndnis und ihre Geduld!<\/p><p>Ihr Team der Firma Merker<\/p>\t\t\t\t\t\t\t\t<\/div>\n\t\t\t\t<\/div>\n\t\t\t\t\t<\/div>\n\t\t<\/div>\n\t\t\t\t\t<\/div>\n\t\t<\/section>\n\t\t\t\t<\/div>\n\t\t","protected":false},"excerpt":{"rendered":"<p>Liebe Kunden, wir m\u00f6chten uns aus gegebenem Anlass ganz herzlich f\u00fcr Ihr Verst\u00e4ndnis und Ihre Geduld bedanken. Wie den meisten unserer Kunden bekannt ist, haben wir aktuell eine Situation (Personalmangel, Arbeitsausfall durch Krankheit, Lieferzeiten bei Rohmaterial, uvm.) die uns Schwierigkeiten bereitet. Dadurch k\u00f6nnen wir unsere gewohnten Terminzusagen manchmal nicht einhalten und es kommt leider zu&hellip;<\/p>\n","protected":false},"author":1,"featured_media":0,"parent":0,"menu_order":0,"comment_status":"closed","ping_status":"closed","template":"","meta":{"footnotes":""},"class_list":["post-942","page","type-page","status-publish","hentry"],"_links":{"self":[{"href":"https:\/\/steinmetz-merker.com\/index.php?rest_route=\/wp\/v2\/pages\/942","targetHints":{"allow":["GET"]}}],"collection":[{"href":"https:\/\/steinmetz-merker.com\/index.php?rest_route=\/wp\/v2\/pages"}],"about":[{"href":"https:\/\/steinmetz-merker.com\/index.php?rest_route=\/wp\/v2\/types\/page"}],"author":[{"embeddable":true,"href":"https:\/\/steinmetz-merker.com\/index.php?rest_route=\/wp\/v2\/users\/1"}],"replies":[{"embeddable":true,"href":"https:\/\/steinmetz-merker.com\/index.php?rest_route=%2Fwp%2Fv2%2Fcomments&post=942"}],"version-history":[{"count":5,"href":"https:\/\/steinmetz-merker.com\/index.php?rest_route=\/wp\/v2\/pages\/942\/revisions"}],"predecessor-version":[{"id":1152,"href":"https:\/\/steinmetz-merker.com\/index.php?rest_route=\/wp\/v2\/pages\/942\/revisions\/1152"}],"wp:attachment":[{"href":"https:\/\/steinmetz-merker.com\/index.php?rest_route=%2Fwp%2Fv2%2Fmedia&parent=942"}],"curies":[{"name":"wp","href":"https:\/\/api.w.org\/{rel}","templated":true}]}}