{"id":670,"date":"2021-12-02T12:10:14","date_gmt":"2021-12-02T12:10:14","guid":{"rendered":"https:\/\/steinmetz-merker.com\/?page_id=670"},"modified":"2022-12-29T21:47:40","modified_gmt":"2022-12-29T21:47:40","slug":"presseberichte-und-aktuelles-der-firma-heinrich-merker-gmbh","status":"publish","type":"page","link":"https:\/\/steinmetz-merker.com\/?page_id=670","title":{"rendered":"Presseberichte und Aktuelles der Firma Heinrich Merker GmbH"},"content":{"rendered":"<p><strong>Die Bilder und Berichte zum Vergr\u00f6\u00dfern bitte anklicken!<\/strong><\/p>\n<p><strong>Juni 2002<\/strong><br \/>\nLogo\/Wappen hergestellt Waldhufenschule <a href=\"https:\/\/steinmetz-merker.com\/?bwg_gallery=waldhufenschule\">&gt;&gt;&gt;<\/a><br \/>\n<strong>M\u00e4rz 2005<\/strong><br \/>\nSpende Kindergarten <a href=\"https:\/\/steinmetz-merker.com\/?bwg_gallery=kindergarten\">&gt;&gt;&gt;<\/a><br \/>\n<strong>Mai 2005<\/strong><br \/>\nEhrenurkunde f\u00fcr 75 Jahre Firmenjubil\u00e4um <a href=\"https:\/\/steinmetz-merker.com\/?bwg_gallery=jubilum-75-jahre\">&gt;&gt;&gt;<\/a><br \/>\n<strong>Oktober 2005<\/strong><br \/>\nGedenkstein 1200 Jahre Albersbach <a href=\"https:\/\/steinmetz-merker.com\/?bwg_gallery=gedenkstein-albersbach\">&gt;&gt;&gt;<\/a><br \/>\n<strong>Juli 2006<\/strong><br \/>\nLeben und Arbeiten an der Bergstrasse und im Odenwald <a href=\"https:\/\/steinmetz-merker.com\/?bwg_gallery=odenwald\">&gt;&gt;&gt;<\/a><br \/>\n<strong>September 2006<\/strong><br \/>\nGassenmarktteilnahme in Wald-Michelbach <a href=\"https:\/\/steinmetz-merker.com\/?bwg_gallery=gassenmarkt\">&gt;&gt;&gt;<\/a><br \/>\n<strong>Dezember 2006<\/strong><br \/>\nGedenktafel MSV Hammelbach <a href=\"https:\/\/steinmetz-merker.com\/?bwg_gallery=hammelbach\">&gt;&gt;&gt;<\/a><br \/>\n<strong>Juli 2007<\/strong><br \/>\nTennisverein Tischplatte <a href=\"https:\/\/steinmetz-merker.com\/?bwg_gallery=tennisverein-tischplatte\">&gt;&gt;&gt;<\/a><br \/>\n<strong>September 2008<\/strong><br \/>\nWappentafel als Gastgeschenk <a href=\"https:\/\/steinmetz-merker.com\/?bwg_gallery=wappentafel\">&gt;&gt;&gt;<\/a><br \/>\n<strong>Januar 2009<\/strong><br \/>\nGro\u00dfe Auswahl bei Merker <a href=\"https:\/\/steinmetz-merker.com\/?bwg_gallery=groe-auswahl\">&gt;&gt;&gt;<\/a><br \/>\n<strong>Mai 2010<\/strong><br \/>\nNeu gestaltete Ausstellung <a href=\"https:\/\/steinmetz-merker.com\/?bwg_gallery=ausstellung\">&gt;&gt;&gt;<\/a><br \/>\n<strong>September 2010<\/strong><br \/>\nIhr Wirken ist in Stein gemei\u00dfelt <a href=\"https:\/\/steinmetz-merker.com\/?bwg_gallery=stein-gemeielt\">&gt;&gt;&gt;<\/a><br \/>\n<strong>Mai 2011<\/strong><br \/>\nEin Findling nimmt neue Gestalt an <a href=\"https:\/\/steinmetz-merker.com\/?bwg_gallery=findling\">&gt;&gt;&gt;<\/a><br \/>\n<strong>Sommer 2011<\/strong><br \/>\nGedenkstein <a href=\"https:\/\/steinmetz-merker.com\/?bwg_gallery=gedenkstein\">&gt;&gt;&gt;<\/a><br \/>\n<strong>September 2014<\/strong><br \/>\n90 Jahre Fa. Merker <a href=\"https:\/\/steinmetz-merker.com\/?bwg_gallery=jubilum-90-jahre\">&gt;&gt;&gt;<\/a><br \/>\n<strong>Juni 2015<\/strong><br \/>\nTr\u00f6selbachbrunnen <a href=\"https:\/\/steinmetz-merker.com\/?bwg_gallery=trselbachbrunnen\">&gt;&gt;&gt;<\/a><br \/>\n<strong>Juli 2015<\/strong><br \/>\nTaufsteinsockel Kirche St. Bartholomae <a href=\"https:\/\/steinmetz-merker.com\/?bwg_gallery=st-bartholomae\">&gt;&gt;&gt;<\/a><br \/>\n<strong>Mai 2018<\/strong><br \/>\nAusstellungsgel\u00e4nde wird erweitert\/Fachreise nach S\u00fcdafrika <a href=\"https:\/\/steinmetz-merker.com\/?bwg_gallery=sdafrika\">&gt;&gt;&gt;<\/a><br \/>\n<strong>September 2019<\/strong><br \/>\nGestaltung eines neuen Urnengemeinschaftsgrabes <a href=\"https:\/\/steinmetz-merker.com\/?bwg_gallery=urnengemeinschaftsgrab-friedhof-eppelheim\">&gt;&gt;&gt;<\/a><br \/>\n<strong>Januar 2020<\/strong><br \/>\nPressebericht in Fachzeitung &#8222;Naturstein&#8220; <a href=\"https:\/\/steinmetz-merker.com\/?bwg_gallery=pressebericht-naturstein\">&gt;&gt;&gt;<\/a><br \/>\n<strong>Mai 2020<\/strong><br \/>\nSteinmetz Merker seit 96 Jahren in Zotzenbach ans\u00e4ssig (copyright &#8222;Rimbach Aktuell&#8220;) <a href=\"https:\/\/steinmetz-merker.com\/?bwg_gallery=96-jahre-steinmetz-merker\">&gt;&gt;&gt;<\/a><br \/>\n<strong>September 2020<\/strong><br \/>\n96 Jahre Firma Merker -Handel und Gewerbe- <a href=\"https:\/\/steinmetz-merker.com\/?bwg_gallery=96-jahre-merker-hg\">&gt;&gt;&gt;<\/a><br \/>\n<strong>Mai 2021<\/strong><br \/>\nSandsteinkugel am Friedhofseingang Zotzenbach (copyright &#8222;Rimbach Aktuell&#8220;) <a href=\"https:\/\/steinmetz-merker.com\/?bwg_gallery=sandsteinkugel-zotzenbach\">&gt;&gt;&gt;<\/a><br \/>\n<strong>Dezember 2021<\/strong><br \/>\nneues Sonnenurnengrab \/ Urnengemeinschaftsgrab Birkenau <a href=\"https:\/\/steinmetz-merker.com\/?bwg_gallery=sonnenurnengrab-birkenau\">&gt;&gt;&gt;<\/a><\/p>\n","protected":false},"excerpt":{"rendered":"<p>Die Bilder und Berichte zum Vergr\u00f6\u00dfern bitte anklicken! Juni 2002 Logo\/Wappen hergestellt Waldhufenschule &gt;&gt;&gt; M\u00e4rz 2005 Spende Kindergarten &gt;&gt;&gt; Mai 2005 Ehrenurkunde f\u00fcr 75 Jahre Firmenjubil\u00e4um &gt;&gt;&gt; Oktober 2005 Gedenkstein 1200 Jahre Albersbach &gt;&gt;&gt; Juli 2006 Leben und Arbeiten an der Bergstrasse und im Odenwald &gt;&gt;&gt; September 2006 Gassenmarktteilnahme in Wald-Michelbach &gt;&gt;&gt; Dezember 2006 Gedenktafel&hellip;<\/p>\n","protected":false},"author":1,"featured_media":0,"parent":0,"menu_order":0,"comment_status":"closed","ping_status":"closed","template":"","meta":{"footnotes":""},"class_list":["post-670","page","type-page","status-publish","hentry"],"_links":{"self":[{"href":"https:\/\/steinmetz-merker.com\/index.php?rest_route=\/wp\/v2\/pages\/670","targetHints":{"allow":["GET"]}}],"collection":[{"href":"https:\/\/steinmetz-merker.com\/index.php?rest_route=\/wp\/v2\/pages"}],"about":[{"href":"https:\/\/steinmetz-merker.com\/index.php?rest_route=\/wp\/v2\/types\/page"}],"author":[{"embeddable":true,"href":"https:\/\/steinmetz-merker.com\/index.php?rest_route=\/wp\/v2\/users\/1"}],"replies":[{"embeddable":true,"href":"https:\/\/steinmetz-merker.com\/index.php?rest_route=%2Fwp%2Fv2%2Fcomments&post=670"}],"version-history":[{"count":58,"href":"https:\/\/steinmetz-merker.com\/index.php?rest_route=\/wp\/v2\/pages\/670\/revisions"}],"predecessor-version":[{"id":1067,"href":"https:\/\/steinmetz-merker.com\/index.php?rest_route=\/wp\/v2\/pages\/670\/revisions\/1067"}],"wp:attachment":[{"href":"https:\/\/steinmetz-merker.com\/index.php?rest_route=%2Fwp%2Fv2%2Fmedia&parent=670"}],"curies":[{"name":"wp","href":"https:\/\/api.w.org\/{rel}","templated":true}]}}