{"id":593,"date":"2021-11-30T15:06:00","date_gmt":"2021-11-30T15:06:00","guid":{"rendered":"https:\/\/steinmetz-merker.com\/?page_id=593"},"modified":"2021-12-01T12:27:33","modified_gmt":"2021-12-01T12:27:33","slug":"moebelgallerie","status":"publish","type":"page","link":"https:\/\/steinmetz-merker.com\/?page_id=593","title":{"rendered":"M\u00f6belgallerie"},"content":{"rendered":"<p>zum vergr\u00f6\u00dfern anklicken!<\/p>\n<div id=\"envira-gallery-wrap-583\" class=\"envira-gallery-wrap envira-gallery-theme-base envira-lightbox-theme-base\" itemscope itemtype=\"https:\/\/schema.org\/ImageGallery\"><div data-row-height=\"150\" data-gallery-theme=\"normal\" id=\"envira-gallery-583\" class=\"envira-gallery-public envira-gallery-justified-public envira-gallery-0-columns envira-clear enviratope envira-gallery-css-animations\" data-envira-columns=\"0\"><div id=\"envira-gallery-item-588\" class=\"envira-gallery-item enviratope-item envira-gallery-item-1 envira-lazy-load\" style=\"padding-left: 5px; padding-bottom: 10px; padding-right: 5px;\"  itemscope itemtype=\"https:\/\/schema.org\/ImageObject\"><div class=\"envira-gallery-item-inner\"><div class=\"envira-gallery-position-overlay  envira-gallery-top-left\"><\/div><div class=\"envira-gallery-position-overlay  envira-gallery-top-right\"><\/div><div class=\"envira-gallery-position-overlay  envira-gallery-bottom-left\"><\/div><div class=\"envira-gallery-position-overlay  envira-gallery-bottom-right\"><\/div><a href=\"https:\/\/steinmetz-merker.com\/wp-content\/uploads\/2021\/11\/image235.jpg\" class=\"envira-gallery-583 envira-gallery-link\" rel=\"enviragallery583\" title=\"image235\" data-envira-caption=\"image235\" data-envira-retina=\"\" data-thumbnail=\"\"  itemprop=\"contentUrl\"><img decoding=\"async\" id=\"envira-gallery-image-588\" class=\"envira-gallery-image envira-gallery-image-1 envira-normal envira-lazy\" data-envira-index=\"1\" src=\"https:\/\/steinmetz-merker.com\/wp-content\/uploads\/2021\/11\/image235-640x480.jpg\" data-envira-src=\"https:\/\/steinmetz-merker.com\/wp-content\/uploads\/2021\/11\/image235-640x480.jpg\" data-envira-gallery-id=\"583\" data-envira-item-id=\"588\" data-envira-caption=\"image235\" alt=\"\" title=\"image235\"  itemprop=\"thumbnailUrl\" data-envira-srcset=\"https:\/\/steinmetz-merker.com\/wp-content\/uploads\/2021\/11\/image235-640x480.jpg 400w,https:\/\/steinmetz-merker.com\/wp-content\/uploads\/2021\/11\/image235-640x480.jpg 2x\" data-envira-width=\"200\" data-envira-height=\"300\" srcset=\"data:image\/gif;base64,R0lGODlhAQABAIAAAP\/\/\/\/\/\/\/yH5BAEKAAEALAAAAAABAAEAAAICTAEAOw==\" data-safe-src=\"data:image\/gif;base64,R0lGODlhAQABAIAAAP\/\/\/\/\/\/\/yH5BAEKAAEALAAAAAABAAEAAAICTAEAOw==\" \/><\/a><\/div><\/div><div id=\"envira-gallery-item-584\" class=\"envira-gallery-item enviratope-item envira-gallery-item-2 envira-lazy-load\" style=\"padding-left: 5px; padding-bottom: 10px; padding-right: 5px;\"  itemscope itemtype=\"https:\/\/schema.org\/ImageObject\"><div class=\"envira-gallery-item-inner\"><div class=\"envira-gallery-position-overlay  envira-gallery-top-left\"><\/div><div class=\"envira-gallery-position-overlay  envira-gallery-top-right\"><\/div><div class=\"envira-gallery-position-overlay  envira-gallery-bottom-left\"><\/div><div class=\"envira-gallery-position-overlay  envira-gallery-bottom-right\"><\/div><a href=\"https:\/\/steinmetz-merker.com\/wp-content\/uploads\/2021\/11\/image206.jpg\" class=\"envira-gallery-583 envira-gallery-link\" rel=\"enviragallery583\" title=\"image206\" data-envira-caption=\"image206\" data-envira-retina=\"\" data-thumbnail=\"\"  itemprop=\"contentUrl\"><img decoding=\"async\" id=\"envira-gallery-image-584\" class=\"envira-gallery-image envira-gallery-image-2 envira-normal envira-lazy\" data-envira-index=\"2\" src=\"https:\/\/steinmetz-merker.com\/wp-content\/uploads\/2021\/11\/image206-640x480.jpg\" data-envira-src=\"https:\/\/steinmetz-merker.com\/wp-content\/uploads\/2021\/11\/image206-640x480.jpg\" data-envira-gallery-id=\"583\" data-envira-item-id=\"584\" data-envira-caption=\"image206\" alt=\"\" title=\"image206\"  itemprop=\"thumbnailUrl\" data-envira-srcset=\"https:\/\/steinmetz-merker.com\/wp-content\/uploads\/2021\/11\/image206-640x480.jpg 400w,https:\/\/steinmetz-merker.com\/wp-content\/uploads\/2021\/11\/image206-640x480.jpg 2x\" data-envira-width=\"200\" data-envira-height=\"300\" srcset=\"data:image\/gif;base64,R0lGODlhAQABAIAAAP\/\/\/\/\/\/\/yH5BAEKAAEALAAAAAABAAEAAAICTAEAOw==\" data-safe-src=\"data:image\/gif;base64,R0lGODlhAQABAIAAAP\/\/\/\/\/\/\/yH5BAEKAAEALAAAAAABAAEAAAICTAEAOw==\" \/><\/a><\/div><\/div><div id=\"envira-gallery-item-586\" class=\"envira-gallery-item enviratope-item envira-gallery-item-3 envira-lazy-load\" style=\"padding-left: 5px; padding-bottom: 10px; padding-right: 5px;\"  itemscope itemtype=\"https:\/\/schema.org\/ImageObject\"><div class=\"envira-gallery-item-inner\"><div class=\"envira-gallery-position-overlay  envira-gallery-top-left\"><\/div><div class=\"envira-gallery-position-overlay  envira-gallery-top-right\"><\/div><div class=\"envira-gallery-position-overlay  envira-gallery-bottom-left\"><\/div><div class=\"envira-gallery-position-overlay  envira-gallery-bottom-right\"><\/div><a href=\"https:\/\/steinmetz-merker.com\/wp-content\/uploads\/2021\/11\/image208.jpg\" class=\"envira-gallery-583 envira-gallery-link\" rel=\"enviragallery583\" title=\"image208\" data-envira-caption=\"image208\" data-envira-retina=\"\" data-thumbnail=\"\"  itemprop=\"contentUrl\"><img decoding=\"async\" id=\"envira-gallery-image-586\" class=\"envira-gallery-image envira-gallery-image-3 envira-normal envira-lazy\" data-envira-index=\"3\" src=\"https:\/\/steinmetz-merker.com\/wp-content\/uploads\/2021\/11\/image208-640x480.jpg\" data-envira-src=\"https:\/\/steinmetz-merker.com\/wp-content\/uploads\/2021\/11\/image208-640x480.jpg\" data-envira-gallery-id=\"583\" data-envira-item-id=\"586\" data-envira-caption=\"image208\" alt=\"\" title=\"image208\"  itemprop=\"thumbnailUrl\" data-envira-srcset=\"https:\/\/steinmetz-merker.com\/wp-content\/uploads\/2021\/11\/image208-640x480.jpg 400w,https:\/\/steinmetz-merker.com\/wp-content\/uploads\/2021\/11\/image208-640x480.jpg 2x\" data-envira-width=\"300\" data-envira-height=\"200\" srcset=\"data:image\/gif;base64,R0lGODlhAQABAIAAAP\/\/\/\/\/\/\/yH5BAEKAAEALAAAAAABAAEAAAICTAEAOw==\" data-safe-src=\"data:image\/gif;base64,R0lGODlhAQABAIAAAP\/\/\/\/\/\/\/yH5BAEKAAEALAAAAAABAAEAAAICTAEAOw==\" \/><\/a><\/div><\/div><div id=\"envira-gallery-item-585\" class=\"envira-gallery-item enviratope-item envira-gallery-item-4 envira-lazy-load\" style=\"padding-left: 5px; padding-bottom: 10px; padding-right: 5px;\"  itemscope itemtype=\"https:\/\/schema.org\/ImageObject\"><div class=\"envira-gallery-item-inner\"><div class=\"envira-gallery-position-overlay  envira-gallery-top-left\"><\/div><div class=\"envira-gallery-position-overlay  envira-gallery-top-right\"><\/div><div class=\"envira-gallery-position-overlay  envira-gallery-bottom-left\"><\/div><div class=\"envira-gallery-position-overlay  envira-gallery-bottom-right\"><\/div><a href=\"https:\/\/steinmetz-merker.com\/wp-content\/uploads\/2021\/11\/image207.jpg\" class=\"envira-gallery-583 envira-gallery-link\" rel=\"enviragallery583\" title=\"image207\" data-envira-caption=\"image207\" data-envira-retina=\"\" data-thumbnail=\"\"  itemprop=\"contentUrl\"><img decoding=\"async\" id=\"envira-gallery-image-585\" class=\"envira-gallery-image envira-gallery-image-4 envira-normal envira-lazy\" data-envira-index=\"4\" src=\"https:\/\/steinmetz-merker.com\/wp-content\/uploads\/2021\/11\/image207-640x480.jpg\" data-envira-src=\"https:\/\/steinmetz-merker.com\/wp-content\/uploads\/2021\/11\/image207-640x480.jpg\" data-envira-gallery-id=\"583\" data-envira-item-id=\"585\" data-envira-caption=\"image207\" alt=\"\" title=\"image207\"  itemprop=\"thumbnailUrl\" data-envira-srcset=\"https:\/\/steinmetz-merker.com\/wp-content\/uploads\/2021\/11\/image207-640x480.jpg 400w,https:\/\/steinmetz-merker.com\/wp-content\/uploads\/2021\/11\/image207-640x480.jpg 2x\" data-envira-width=\"300\" data-envira-height=\"200\" srcset=\"data:image\/gif;base64,R0lGODlhAQABAIAAAP\/\/\/\/\/\/\/yH5BAEKAAEALAAAAAABAAEAAAICTAEAOw==\" data-safe-src=\"data:image\/gif;base64,R0lGODlhAQABAIAAAP\/\/\/\/\/\/\/yH5BAEKAAEALAAAAAABAAEAAAICTAEAOw==\" \/><\/a><\/div><\/div><div id=\"envira-gallery-item-587\" class=\"envira-gallery-item enviratope-item envira-gallery-item-5 envira-lazy-load\" style=\"padding-left: 5px; padding-bottom: 10px; padding-right: 5px;\"  itemscope itemtype=\"https:\/\/schema.org\/ImageObject\"><div class=\"envira-gallery-item-inner\"><div class=\"envira-gallery-position-overlay  envira-gallery-top-left\"><\/div><div class=\"envira-gallery-position-overlay  envira-gallery-top-right\"><\/div><div class=\"envira-gallery-position-overlay  envira-gallery-bottom-left\"><\/div><div class=\"envira-gallery-position-overlay  envira-gallery-bottom-right\"><\/div><a href=\"https:\/\/steinmetz-merker.com\/wp-content\/uploads\/2021\/11\/image209.jpg\" class=\"envira-gallery-583 envira-gallery-link\" rel=\"enviragallery583\" title=\"image209\" data-envira-caption=\"image209\" data-envira-retina=\"\" data-thumbnail=\"\"  itemprop=\"contentUrl\"><img decoding=\"async\" id=\"envira-gallery-image-587\" class=\"envira-gallery-image envira-gallery-image-5 envira-normal envira-lazy\" data-envira-index=\"5\" src=\"https:\/\/steinmetz-merker.com\/wp-content\/uploads\/2021\/11\/image209-640x480.jpg\" data-envira-src=\"https:\/\/steinmetz-merker.com\/wp-content\/uploads\/2021\/11\/image209-640x480.jpg\" data-envira-gallery-id=\"583\" data-envira-item-id=\"587\" data-envira-caption=\"image209\" alt=\"\" title=\"image209\"  itemprop=\"thumbnailUrl\" data-envira-srcset=\"https:\/\/steinmetz-merker.com\/wp-content\/uploads\/2021\/11\/image209-640x480.jpg 400w,https:\/\/steinmetz-merker.com\/wp-content\/uploads\/2021\/11\/image209-640x480.jpg 2x\" data-envira-width=\"300\" data-envira-height=\"200\" srcset=\"data:image\/gif;base64,R0lGODlhAQABAIAAAP\/\/\/\/\/\/\/yH5BAEKAAEALAAAAAABAAEAAAICTAEAOw==\" data-safe-src=\"data:image\/gif;base64,R0lGODlhAQABAIAAAP\/\/\/\/\/\/\/yH5BAEKAAEALAAAAAABAAEAAAICTAEAOw==\" \/><\/a><\/div><\/div><div id=\"envira-gallery-item-589\" class=\"envira-gallery-item enviratope-item envira-gallery-item-6 envira-lazy-load\" style=\"padding-left: 5px; padding-bottom: 10px; padding-right: 5px;\"  itemscope itemtype=\"https:\/\/schema.org\/ImageObject\"><div class=\"envira-gallery-item-inner\"><div class=\"envira-gallery-position-overlay  envira-gallery-top-left\"><\/div><div class=\"envira-gallery-position-overlay  envira-gallery-top-right\"><\/div><div class=\"envira-gallery-position-overlay  envira-gallery-bottom-left\"><\/div><div class=\"envira-gallery-position-overlay  envira-gallery-bottom-right\"><\/div><a href=\"https:\/\/steinmetz-merker.com\/wp-content\/uploads\/2021\/11\/image236.jpg\" class=\"envira-gallery-583 envira-gallery-link\" rel=\"enviragallery583\" title=\"image236\" data-envira-caption=\"image236\" data-envira-retina=\"\" data-thumbnail=\"\"  itemprop=\"contentUrl\"><img decoding=\"async\" id=\"envira-gallery-image-589\" class=\"envira-gallery-image envira-gallery-image-6 envira-normal envira-lazy\" data-envira-index=\"6\" src=\"https:\/\/steinmetz-merker.com\/wp-content\/uploads\/2021\/11\/image236-640x480.jpg\" data-envira-src=\"https:\/\/steinmetz-merker.com\/wp-content\/uploads\/2021\/11\/image236-640x480.jpg\" data-envira-gallery-id=\"583\" data-envira-item-id=\"589\" data-envira-caption=\"image236\" alt=\"\" title=\"image236\"  itemprop=\"thumbnailUrl\" data-envira-srcset=\"https:\/\/steinmetz-merker.com\/wp-content\/uploads\/2021\/11\/image236-640x480.jpg 400w,https:\/\/steinmetz-merker.com\/wp-content\/uploads\/2021\/11\/image236-640x480.jpg 2x\" data-envira-width=\"300\" data-envira-height=\"200\" srcset=\"data:image\/gif;base64,R0lGODlhAQABAIAAAP\/\/\/\/\/\/\/yH5BAEKAAEALAAAAAABAAEAAAICTAEAOw==\" data-safe-src=\"data:image\/gif;base64,R0lGODlhAQABAIAAAP\/\/\/\/\/\/\/yH5BAEKAAEALAAAAAABAAEAAAICTAEAOw==\" \/><\/a><\/div><\/div><div id=\"envira-gallery-item-590\" class=\"envira-gallery-item enviratope-item envira-gallery-item-7 envira-lazy-load\" style=\"padding-left: 5px; padding-bottom: 10px; padding-right: 5px;\"  itemscope itemtype=\"https:\/\/schema.org\/ImageObject\"><div class=\"envira-gallery-item-inner\"><div class=\"envira-gallery-position-overlay  envira-gallery-top-left\"><\/div><div class=\"envira-gallery-position-overlay  envira-gallery-top-right\"><\/div><div class=\"envira-gallery-position-overlay  envira-gallery-bottom-left\"><\/div><div class=\"envira-gallery-position-overlay  envira-gallery-bottom-right\"><\/div><a href=\"https:\/\/steinmetz-merker.com\/wp-content\/uploads\/2021\/11\/image237.jpg\" class=\"envira-gallery-583 envira-gallery-link\" rel=\"enviragallery583\" title=\"image237\" data-envira-caption=\"image237\" data-envira-retina=\"\" data-thumbnail=\"\"  itemprop=\"contentUrl\"><img decoding=\"async\" id=\"envira-gallery-image-590\" class=\"envira-gallery-image envira-gallery-image-7 envira-normal envira-lazy\" data-envira-index=\"7\" src=\"https:\/\/steinmetz-merker.com\/wp-content\/uploads\/2021\/11\/image237-640x480.jpg\" data-envira-src=\"https:\/\/steinmetz-merker.com\/wp-content\/uploads\/2021\/11\/image237-640x480.jpg\" data-envira-gallery-id=\"583\" data-envira-item-id=\"590\" data-envira-caption=\"image237\" alt=\"\" title=\"image237\"  itemprop=\"thumbnailUrl\" data-envira-srcset=\"https:\/\/steinmetz-merker.com\/wp-content\/uploads\/2021\/11\/image237-640x480.jpg 400w,https:\/\/steinmetz-merker.com\/wp-content\/uploads\/2021\/11\/image237-640x480.jpg 2x\" data-envira-width=\"200\" data-envira-height=\"300\" srcset=\"data:image\/gif;base64,R0lGODlhAQABAIAAAP\/\/\/\/\/\/\/yH5BAEKAAEALAAAAAABAAEAAAICTAEAOw==\" data-safe-src=\"data:image\/gif;base64,R0lGODlhAQABAIAAAP\/\/\/\/\/\/\/yH5BAEKAAEALAAAAAABAAEAAAICTAEAOw==\" \/><\/a><\/div><\/div><div id=\"envira-gallery-item-591\" class=\"envira-gallery-item enviratope-item envira-gallery-item-8 envira-lazy-load\" style=\"padding-left: 5px; padding-bottom: 10px; padding-right: 5px;\"  itemscope itemtype=\"https:\/\/schema.org\/ImageObject\"><div class=\"envira-gallery-item-inner\"><div class=\"envira-gallery-position-overlay  envira-gallery-top-left\"><\/div><div class=\"envira-gallery-position-overlay  envira-gallery-top-right\"><\/div><div class=\"envira-gallery-position-overlay  envira-gallery-bottom-left\"><\/div><div class=\"envira-gallery-position-overlay  envira-gallery-bottom-right\"><\/div><a href=\"https:\/\/steinmetz-merker.com\/wp-content\/uploads\/2021\/11\/image238.jpg\" class=\"envira-gallery-583 envira-gallery-link\" rel=\"enviragallery583\" title=\"image238\" data-envira-caption=\"image238\" data-envira-retina=\"\" data-thumbnail=\"\"  itemprop=\"contentUrl\"><img decoding=\"async\" id=\"envira-gallery-image-591\" class=\"envira-gallery-image envira-gallery-image-8 envira-normal envira-lazy\" data-envira-index=\"8\" src=\"https:\/\/steinmetz-merker.com\/wp-content\/uploads\/2021\/11\/image238-640x480.jpg\" data-envira-src=\"https:\/\/steinmetz-merker.com\/wp-content\/uploads\/2021\/11\/image238-640x480.jpg\" data-envira-gallery-id=\"583\" data-envira-item-id=\"591\" data-envira-caption=\"image238\" alt=\"\" title=\"image238\"  itemprop=\"thumbnailUrl\" data-envira-srcset=\"https:\/\/steinmetz-merker.com\/wp-content\/uploads\/2021\/11\/image238-640x480.jpg 400w,https:\/\/steinmetz-merker.com\/wp-content\/uploads\/2021\/11\/image238-640x480.jpg 2x\" data-envira-width=\"200\" data-envira-height=\"300\" srcset=\"data:image\/gif;base64,R0lGODlhAQABAIAAAP\/\/\/\/\/\/\/yH5BAEKAAEALAAAAAABAAEAAAICTAEAOw==\" data-safe-src=\"data:image\/gif;base64,R0lGODlhAQABAIAAAP\/\/\/\/\/\/\/yH5BAEKAAEALAAAAAABAAEAAAICTAEAOw==\" \/><\/a><\/div><\/div><div id=\"envira-gallery-item-592\" class=\"envira-gallery-item enviratope-item envira-gallery-item-9 envira-lazy-load\" style=\"padding-left: 5px; padding-bottom: 10px; padding-right: 5px;\"  itemscope itemtype=\"https:\/\/schema.org\/ImageObject\"><div class=\"envira-gallery-item-inner\"><div class=\"envira-gallery-position-overlay  envira-gallery-top-left\"><\/div><div class=\"envira-gallery-position-overlay  envira-gallery-top-right\"><\/div><div class=\"envira-gallery-position-overlay  envira-gallery-bottom-left\"><\/div><div class=\"envira-gallery-position-overlay  envira-gallery-bottom-right\"><\/div><a href=\"https:\/\/steinmetz-merker.com\/wp-content\/uploads\/2021\/11\/image242.jpg\" class=\"envira-gallery-583 envira-gallery-link\" rel=\"enviragallery583\" title=\"image242\" data-envira-caption=\"image242\" data-envira-retina=\"\" data-thumbnail=\"\"  itemprop=\"contentUrl\"><img decoding=\"async\" id=\"envira-gallery-image-592\" class=\"envira-gallery-image envira-gallery-image-9 envira-normal envira-lazy\" data-envira-index=\"9\" src=\"https:\/\/steinmetz-merker.com\/wp-content\/uploads\/2021\/11\/image242-640x480.jpg\" data-envira-src=\"https:\/\/steinmetz-merker.com\/wp-content\/uploads\/2021\/11\/image242-640x480.jpg\" data-envira-gallery-id=\"583\" data-envira-item-id=\"592\" data-envira-caption=\"image242\" alt=\"\" title=\"image242\"  itemprop=\"thumbnailUrl\" data-envira-srcset=\"https:\/\/steinmetz-merker.com\/wp-content\/uploads\/2021\/11\/image242-640x480.jpg 400w,https:\/\/steinmetz-merker.com\/wp-content\/uploads\/2021\/11\/image242-640x480.jpg 2x\" data-envira-width=\"300\" data-envira-height=\"200\" srcset=\"data:image\/gif;base64,R0lGODlhAQABAIAAAP\/\/\/\/\/\/\/yH5BAEKAAEALAAAAAABAAEAAAICTAEAOw==\" data-safe-src=\"data:image\/gif;base64,R0lGODlhAQABAIAAAP\/\/\/\/\/\/\/yH5BAEKAAEALAAAAAABAAEAAAICTAEAOw==\" \/><\/a><\/div><\/div><\/div><\/div><noscript><img decoding=\"async\" src=\"https:\/\/steinmetz-merker.com\/wp-content\/uploads\/2021\/11\/image235.jpg\" alt=\"\" \/><img decoding=\"async\" src=\"https:\/\/steinmetz-merker.com\/wp-content\/uploads\/2021\/11\/image206.jpg\" alt=\"\" \/><img decoding=\"async\" src=\"https:\/\/steinmetz-merker.com\/wp-content\/uploads\/2021\/11\/image208.jpg\" alt=\"\" \/><img decoding=\"async\" src=\"https:\/\/steinmetz-merker.com\/wp-content\/uploads\/2021\/11\/image207.jpg\" alt=\"\" \/><img decoding=\"async\" src=\"https:\/\/steinmetz-merker.com\/wp-content\/uploads\/2021\/11\/image209.jpg\" alt=\"\" \/><img decoding=\"async\" src=\"https:\/\/steinmetz-merker.com\/wp-content\/uploads\/2021\/11\/image236.jpg\" alt=\"\" \/><img decoding=\"async\" src=\"https:\/\/steinmetz-merker.com\/wp-content\/uploads\/2021\/11\/image237.jpg\" alt=\"\" \/><img decoding=\"async\" src=\"https:\/\/steinmetz-merker.com\/wp-content\/uploads\/2021\/11\/image238.jpg\" alt=\"\" \/><img decoding=\"async\" src=\"https:\/\/steinmetz-merker.com\/wp-content\/uploads\/2021\/11\/image242.jpg\" alt=\"\" \/><\/noscript>\n<p><a href=\"https:\/\/steinmetz-merker.com\/?page_id=551\">zur\u00fcck<\/a><\/p>\n","protected":false},"excerpt":{"rendered":"<p>zum vergr\u00f6\u00dfern anklicken! zur\u00fcck<\/p>\n","protected":false},"author":1,"featured_media":0,"parent":0,"menu_order":0,"comment_status":"closed","ping_status":"closed","template":"","meta":{"footnotes":""},"class_list":["post-593","page","type-page","status-publish","hentry"],"_links":{"self":[{"href":"https:\/\/steinmetz-merker.com\/index.php?rest_route=\/wp\/v2\/pages\/593","targetHints":{"allow":["GET"]}}],"collection":[{"href":"https:\/\/steinmetz-merker.com\/index.php?rest_route=\/wp\/v2\/pages"}],"about":[{"href":"https:\/\/steinmetz-merker.com\/index.php?rest_route=\/wp\/v2\/types\/page"}],"author":[{"embeddable":true,"href":"https:\/\/steinmetz-merker.com\/index.php?rest_route=\/wp\/v2\/users\/1"}],"replies":[{"embeddable":true,"href":"https:\/\/steinmetz-merker.com\/index.php?rest_route=%2Fwp%2Fv2%2Fcomments&post=593"}],"version-history":[{"count":3,"href":"https:\/\/steinmetz-merker.com\/index.php?rest_route=\/wp\/v2\/pages\/593\/revisions"}],"predecessor-version":[{"id":629,"href":"https:\/\/steinmetz-merker.com\/index.php?rest_route=\/wp\/v2\/pages\/593\/revisions\/629"}],"wp:attachment":[{"href":"https:\/\/steinmetz-merker.com\/index.php?rest_route=%2Fwp%2Fv2%2Fmedia&parent=593"}],"curies":[{"name":"wp","href":"https:\/\/api.w.org\/{rel}","templated":true}]}}