{"id":551,"date":"2021-11-30T14:55:23","date_gmt":"2021-11-30T14:55:23","guid":{"rendered":"https:\/\/steinmetz-merker.com\/?page_id=551"},"modified":"2021-12-01T12:21:06","modified_gmt":"2021-12-01T12:21:06","slug":"innenausbau","status":"publish","type":"page","link":"https:\/\/steinmetz-merker.com\/?page_id=551","title":{"rendered":"Innenausbau"},"content":{"rendered":"<p><img decoding=\"async\" class=\"alignnone size-medium wp-image-554\" src=\"https:\/\/steinmetz-merker.com\/wp-content\/uploads\/2021\/11\/innenausbau-002-300x101.jpg\" alt=\"\" width=\"300\" height=\"101\" srcset=\"https:\/\/steinmetz-merker.com\/wp-content\/uploads\/2021\/11\/innenausbau-002-300x101.jpg 300w, https:\/\/steinmetz-merker.com\/wp-content\/uploads\/2021\/11\/innenausbau-002.jpg 494w\" sizes=\"(max-width: 300px) 100vw, 300px\" \/><\/p>\n<p><img decoding=\"async\" class=\"alignnone size-medium wp-image-555\" src=\"https:\/\/steinmetz-merker.com\/wp-content\/uploads\/2021\/11\/innenausbau-003-300x132.jpg\" alt=\"\" width=\"300\" height=\"132\" srcset=\"https:\/\/steinmetz-merker.com\/wp-content\/uploads\/2021\/11\/innenausbau-003-300x132.jpg 300w, https:\/\/steinmetz-merker.com\/wp-content\/uploads\/2021\/11\/innenausbau-003.jpg 494w\" sizes=\"(max-width: 300px) 100vw, 300px\" \/><\/p>\n<p><a href=\"https:\/\/steinmetz-merker.com\/?page_id=579\">weitere K\u00fcchenbilder<\/a><\/p>\n<hr \/>\n<p><img decoding=\"async\" class=\"alignnone size-medium wp-image-553\" src=\"https:\/\/steinmetz-merker.com\/wp-content\/uploads\/2021\/11\/innenausbau-001-118x300.jpg\" alt=\"\" width=\"118\" height=\"300\" srcset=\"https:\/\/steinmetz-merker.com\/wp-content\/uploads\/2021\/11\/innenausbau-001-118x300.jpg 118w, https:\/\/steinmetz-merker.com\/wp-content\/uploads\/2021\/11\/innenausbau-001.jpg 159w\" sizes=\"(max-width: 118px) 100vw, 118px\" \/><\/p>\n<p><a href=\"https:\/\/steinmetz-merker.com\/?page_id=622\">weitere B\u00e4derbilder<\/a><\/p>\n<hr \/>\n<p><img loading=\"lazy\" decoding=\"async\" class=\"alignnone size-medium wp-image-556\" src=\"https:\/\/steinmetz-merker.com\/wp-content\/uploads\/2021\/11\/innenausbau-004-122x300.jpg\" alt=\"\" width=\"122\" height=\"300\" srcset=\"https:\/\/steinmetz-merker.com\/wp-content\/uploads\/2021\/11\/innenausbau-004-122x300.jpg 122w, https:\/\/steinmetz-merker.com\/wp-content\/uploads\/2021\/11\/innenausbau-004.jpg 164w\" sizes=\"(max-width: 122px) 100vw, 122px\" \/><\/p>\n<p><a href=\"https:\/\/steinmetz-merker.com\/?page_id=593\">weitere M\u00f6belbilder<\/a><\/p>\n","protected":false},"excerpt":{"rendered":"<p>weitere K\u00fcchenbilder weitere B\u00e4derbilder weitere M\u00f6belbilder<\/p>\n","protected":false},"author":1,"featured_media":0,"parent":0,"menu_order":0,"comment_status":"closed","ping_status":"closed","template":"","meta":{"footnotes":""},"class_list":["post-551","page","type-page","status-publish","hentry"],"_links":{"self":[{"href":"https:\/\/steinmetz-merker.com\/index.php?rest_route=\/wp\/v2\/pages\/551","targetHints":{"allow":["GET"]}}],"collection":[{"href":"https:\/\/steinmetz-merker.com\/index.php?rest_route=\/wp\/v2\/pages"}],"about":[{"href":"https:\/\/steinmetz-merker.com\/index.php?rest_route=\/wp\/v2\/types\/page"}],"author":[{"embeddable":true,"href":"https:\/\/steinmetz-merker.com\/index.php?rest_route=\/wp\/v2\/users\/1"}],"replies":[{"embeddable":true,"href":"https:\/\/steinmetz-merker.com\/index.php?rest_route=%2Fwp%2Fv2%2Fcomments&post=551"}],"version-history":[{"count":20,"href":"https:\/\/steinmetz-merker.com\/index.php?rest_route=\/wp\/v2\/pages\/551\/revisions"}],"predecessor-version":[{"id":625,"href":"https:\/\/steinmetz-merker.com\/index.php?rest_route=\/wp\/v2\/pages\/551\/revisions\/625"}],"wp:attachment":[{"href":"https:\/\/steinmetz-merker.com\/index.php?rest_route=%2Fwp%2Fv2%2Fmedia&parent=551"}],"curies":[{"name":"wp","href":"https:\/\/api.w.org\/{rel}","templated":true}]}}