{"id":509,"date":"2021-10-29T11:50:14","date_gmt":"2021-10-29T11:50:14","guid":{"rendered":"https:\/\/steinmetz-merker.com\/?page_id=509"},"modified":"2022-12-30T10:37:52","modified_gmt":"2022-12-30T10:37:52","slug":"graeber","status":"publish","type":"page","link":"https:\/\/steinmetz-merker.com\/?page_id=509","title":{"rendered":"Grabmale"},"content":{"rendered":"\t\t<div data-elementor-type=\"wp-page\" data-elementor-id=\"509\" class=\"elementor elementor-509\">\n\t\t\t\t\t\t<section class=\"elementor-section elementor-top-section elementor-element elementor-element-269f12f2 elementor-section-boxed elementor-section-height-default elementor-section-height-default\" data-id=\"269f12f2\" data-element_type=\"section\" data-settings=\"{&quot;background_background&quot;:&quot;classic&quot;}\">\n\t\t\t\t\t\t<div class=\"elementor-container elementor-column-gap-default\">\n\t\t\t\t\t<div class=\"elementor-column elementor-col-100 elementor-top-column elementor-element elementor-element-56d57d19\" data-id=\"56d57d19\" data-element_type=\"column\">\n\t\t\t<div class=\"elementor-widget-wrap elementor-element-populated\">\n\t\t\t\t\t\t<div class=\"elementor-element elementor-element-e84529d elementor-widget elementor-widget-heading\" data-id=\"e84529d\" data-element_type=\"widget\" data-widget_type=\"heading.default\">\n\t\t\t\t<div class=\"elementor-widget-container\">\n\t\t\t\t\t<h2 class=\"elementor-heading-title elementor-size-default\">Warum ein Grabmal?<\/h2>\t\t\t\t<\/div>\n\t\t\t\t<\/div>\n\t\t\t\t<div class=\"elementor-element elementor-element-d3b5795 elementor-widget elementor-widget-text-editor\" data-id=\"d3b5795\" data-element_type=\"widget\" data-widget_type=\"text-editor.default\">\n\t\t\t\t<div class=\"elementor-widget-container\">\n\t\t\t\t\t\t\t\t\t<p style=\"text-align: center;\">\u00a0<\/p><p style=\"text-align: center;\">Weil der Ort der Bestattung ein Zeichen braucht<\/p><p style=\"text-align: center;\">Weil das Grabmal an die Einzigartigkeit und W\u00fcrde des Verstorbenen erinnert<\/p><p style=\"text-align: center;\">Weil das Grabmal ein Markstein ist an der Grenze des Lebens<\/p><p style=\"text-align: center;\">Weil das Grabmal einl\u00e4dt zu:<\/p><p style=\"text-align: center;\">DIALOG<\/p><p style=\"text-align: center;\">TRAUERN<\/p><p style=\"text-align: center;\">WEINEN<\/p><p style=\"text-align: center;\">WUT<\/p><p style=\"text-align: center;\">STILLE&#8230;<\/p><p style=\"text-align: center;\">LOSLASSEN<\/p><p style=\"text-align: center;\">IM HERZEN BEWAHREN<\/p><p style=\"text-align: center;\">WEITERGEHEN<\/p>\t\t\t\t\t\t\t\t<\/div>\n\t\t\t\t<\/div>\n\t\t\t\t<div class=\"elementor-element elementor-element-122888ab elementor-widget elementor-widget-text-editor\" data-id=\"122888ab\" data-element_type=\"widget\" data-widget_type=\"text-editor.default\">\n\t\t\t\t<div class=\"elementor-widget-container\">\n\t\t\t\t\t\t\t\t\t<p style=\"text-align: center;\">Grabmale (Bilder anklicken f\u00fcr eine gr\u00f6\u00dfere Auswahl)<\/p><p>\t            <div class=\"image-hover-page-container animatedParent\">\r\n\t                <div class=\"row\">\r\n\t                    \t                        \t                            \t                            \t                        \t                            \t                            \t                        \t                            \t                            \t                        \t                    \t                        \t                            \t                                \t                                <div class=\"col-lg-12 col-sm-6\">\r\n\t                                    <div class=\"ih-item square effect4   top_to_bottom\">\r\n\t                                        <a class=\"taphover\" href=\"https:\/\/steinmetz-merker.com\/?page_id=158\">\r\n\t                                            \t                                            <div class=\"img\">\r\n\t                                                <img decoding=\"async\" style=\"height:100%;\" src=\"https:\/\/steinmetz-merker.com\/wp-content\/uploads\/2022\/03\/EG0016_text.jpg\" alt=\"img\">\r\n\t                                                \t                                                    <div class='mask1'><\/div><div class='mask2'><\/div>\r\n\t                                                \t                                            <\/div>\r\n\t                                            \t                                                <div class=\"info\">\r\n\t                                                    <h3 style=\"color:#eeee22\">\r\n\t                                                    \tEinzelgr\u00e4ber\t                                                    <\/h3>\r\n\t                                                    <p style=\"color:\">\r\n\t                                                        weitere Bilder\t                                                    <\/p>\r\n\t                                                <\/div>\r\n\t                                            \t                                        <\/a>\r\n\t                                    <\/div>\r\n\t                                <\/div>\r\n\t                            \t                            \t                                <\/div><div class=\"row\">\r\n\t                            \t                        \t                            \t                                \t                                <div class=\"col-lg-12 col-sm-6\">\r\n\t                                    <div class=\"ih-item square effect4   top_to_bottom\">\r\n\t                                        <a class=\"taphover\" href=\"https:\/\/steinmetz-merker.com\/?page_id=160\">\r\n\t                                            \t                                            <div class=\"img\">\r\n\t                                                <img decoding=\"async\" style=\"height:100%;\" src=\"https:\/\/steinmetz-merker.com\/wp-content\/uploads\/2022\/03\/DG51_text.jpg\" alt=\"img\">\r\n\t                                                \t                                                    <div class='mask1'><\/div><div class='mask2'><\/div>\r\n\t                                                \t                                            <\/div>\r\n\t                                            \t                                                <div class=\"info\">\r\n\t                                                    <h3 style=\"color:#eeee22\">\r\n\t                                                    \tDoppelgr\u00e4ber\t                                                    <\/h3>\r\n\t                                                    <p style=\"color:\">\r\n\t                                                        weitere Bilder\t                                                    <\/p>\r\n\t                                                <\/div>\r\n\t                                            \t                                        <\/a>\r\n\t                                    <\/div>\r\n\t                                <\/div>\r\n\t                            \t                            \t                        \t                            \t                                \t                                <div class=\"col-lg-12 col-sm-6\">\r\n\t                                    <div class=\"ih-item square effect4   top_to_bottom\">\r\n\t                                        <a class=\"taphover\" href=\"https:\/\/steinmetz-merker.com\/?page_id=162\">\r\n\t                                            \t                                            <div class=\"img\">\r\n\t                                                <img decoding=\"async\" style=\"height:100%;\" src=\"https:\/\/steinmetz-merker.com\/wp-content\/uploads\/2022\/03\/UG0023_text.jpg\" alt=\"img\">\r\n\t                                                \t                                                    <div class='mask1'><\/div><div class='mask2'><\/div>\r\n\t                                                \t                                            <\/div>\r\n\t                                            \t                                                <div class=\"info\">\r\n\t                                                    <h3 style=\"color:#eeee22\">\r\n\t                                                    \tUrnengr\u00e4ber\t                                                    <\/h3>\r\n\t                                                    <p style=\"color:\">\r\n\t                                                        weitere Bilder\t                                                    <\/p>\r\n\t                                                <\/div>\r\n\t                                            \t                                        <\/a>\r\n\t                                    <\/div>\r\n\t                                <\/div>\r\n\t                            \t                            \t                        \t                            \t                                \t                                <div class=\"col-lg-12 col-sm-6\">\r\n\t                                    <div class=\"ih-item square effect4   top_to_bottom\">\r\n\t                                        <a class=\"taphover\" href=\"https:\/\/steinmetz-merker.com\/?page_id=903\">\r\n\t                                            \t                                            <div class=\"img\">\r\n\t                                                <img decoding=\"async\" style=\"height:100%;\" src=\"https:\/\/steinmetz-merker.com\/wp-content\/uploads\/2022\/03\/Urnengemeinschaftsgraeber_text.jpg\" alt=\"img\">\r\n\t                                                \t                                                    <div class='mask1'><\/div><div class='mask2'><\/div>\r\n\t                                                \t                                            <\/div>\r\n\t                                            \t                                                <div class=\"info\">\r\n\t                                                    <h3 style=\"color:#eeee22\">\r\n\t                                                    \tUrnengemeinschaftsgr\u00e4ber\t                                                    <\/h3>\r\n\t                                                    <p style=\"color:\">\r\n\t                                                        weitere Bilder\t                                                    <\/p>\r\n\t                                                <\/div>\r\n\t                                            \t                                        <\/a>\r\n\t                                    <\/div>\r\n\t                                <\/div>\r\n\t                            \t                            \t                        \t                    \t                <\/div>\r\n\t            <\/div>\r\n\t            <\/p>\t\t\t\t\t\t\t\t<\/div>\n\t\t\t\t<\/div>\n\t\t\t\t\t<\/div>\n\t\t<\/div>\n\t\t\t\t\t<\/div>\n\t\t<\/section>\n\t\t\t\t<\/div>\n\t\t","protected":false},"excerpt":{"rendered":"<p>Warum ein Grabmal? \u00a0 Weil der Ort der Bestattung ein Zeichen braucht Weil das Grabmal an die Einzigartigkeit und W\u00fcrde des Verstorbenen erinnert Weil das Grabmal ein Markstein ist an der Grenze des Lebens Weil das Grabmal einl\u00e4dt zu: DIALOG TRAUERN WEINEN WUT STILLE&#8230; LOSLASSEN IM HERZEN BEWAHREN WEITERGEHEN Grabmale (Bilder anklicken f\u00fcr eine gr\u00f6\u00dfere&hellip;<\/p>\n","protected":false},"author":1,"featured_media":0,"parent":0,"menu_order":0,"comment_status":"closed","ping_status":"closed","template":"","meta":{"footnotes":""},"class_list":["post-509","page","type-page","status-publish","hentry"],"_links":{"self":[{"href":"https:\/\/steinmetz-merker.com\/index.php?rest_route=\/wp\/v2\/pages\/509","targetHints":{"allow":["GET"]}}],"collection":[{"href":"https:\/\/steinmetz-merker.com\/index.php?rest_route=\/wp\/v2\/pages"}],"about":[{"href":"https:\/\/steinmetz-merker.com\/index.php?rest_route=\/wp\/v2\/types\/page"}],"author":[{"embeddable":true,"href":"https:\/\/steinmetz-merker.com\/index.php?rest_route=\/wp\/v2\/users\/1"}],"replies":[{"embeddable":true,"href":"https:\/\/steinmetz-merker.com\/index.php?rest_route=%2Fwp%2Fv2%2Fcomments&post=509"}],"version-history":[{"count":27,"href":"https:\/\/steinmetz-merker.com\/index.php?rest_route=\/wp\/v2\/pages\/509\/revisions"}],"predecessor-version":[{"id":1135,"href":"https:\/\/steinmetz-merker.com\/index.php?rest_route=\/wp\/v2\/pages\/509\/revisions\/1135"}],"wp:attachment":[{"href":"https:\/\/steinmetz-merker.com\/index.php?rest_route=%2Fwp%2Fv2%2Fmedia&parent=509"}],"curies":[{"name":"wp","href":"https:\/\/api.w.org\/{rel}","templated":true}]}}