{"id":476,"date":"2021-10-28T11:47:16","date_gmt":"2021-10-28T11:47:16","guid":{"rendered":"https:\/\/steinmetz-merker.com\/?page_id=476"},"modified":"2022-12-30T22:04:14","modified_gmt":"2022-12-30T22:04:14","slug":"firmengeschichte","status":"publish","type":"page","link":"https:\/\/steinmetz-merker.com\/?page_id=476","title":{"rendered":"Firmengeschichte"},"content":{"rendered":"\t\t<div data-elementor-type=\"wp-page\" data-elementor-id=\"476\" class=\"elementor elementor-476\">\n\t\t\t\t\t\t<section class=\"elementor-section elementor-top-section elementor-element elementor-element-54eb4f27 elementor-section-boxed elementor-section-height-default elementor-section-height-default\" data-id=\"54eb4f27\" data-element_type=\"section\">\n\t\t\t\t\t\t<div class=\"elementor-container elementor-column-gap-default\">\n\t\t\t\t\t<div class=\"elementor-column elementor-col-100 elementor-top-column elementor-element elementor-element-40470940\" data-id=\"40470940\" data-element_type=\"column\">\n\t\t\t<div class=\"elementor-widget-wrap elementor-element-populated\">\n\t\t\t\t\t\t<div class=\"elementor-element elementor-element-dca3974 elementor-widget elementor-widget-heading\" data-id=\"dca3974\" data-element_type=\"widget\" data-widget_type=\"heading.default\">\n\t\t\t\t<div class=\"elementor-widget-container\">\n\t\t\t\t\t<h2 class=\"elementor-heading-title elementor-size-default\">Zeitreise<\/h2>\t\t\t\t<\/div>\n\t\t\t\t<\/div>\n\t\t\t\t<div class=\"elementor-element elementor-element-c6daf77 elementor-widget elementor-widget-text-editor\" data-id=\"c6daf77\" data-element_type=\"widget\" data-widget_type=\"text-editor.default\">\n\t\t\t\t<div class=\"elementor-widget-container\">\n\t\t\t\t\t\t\t\t\t<p>Gr\u00fcndung<strong> 1924<\/strong> durch Michael Merker in Zotzenbach<\/p><p><strong>1947<\/strong> Heinrich Merker senior *1911, Erwerb des Meistertitels in DA im Steinmetzhandwerk<\/p><p><strong>1968<\/strong> Heinrich Merker jun. *1939, Erwerb des Meistertitels als Steinmetz- und Steinbildhauer vor der HWK Wiesbaden<\/p><p><strong>1980<\/strong> Gr\u00fcndung der Filiale Eppelheim durch Hermann Merker<\/p><p><strong>1990<\/strong> Ralf Merker *1966, Erwerb des Meistertitels als Stein-, Schrift- und Bildhauermeister vor der HWK Pfalz<\/p><p><strong>1992<\/strong> \u00dcbergabe des Gesch\u00e4fts von Heinrich Merker junior an den jetzigen Firmeninhaber Ralf Merker, sowie \u00dcbernahme der Filiale in Eppelheim durch Ralf Merker; Umbau der Werkstatt und des B\u00fcros<\/p><p><strong>2000<\/strong> Betriebsjubil\u00e4um &#8211; 75 Jahre Firma Merker; \u00dcberreichung der Ehrenurkunde der HWK Rhein-Main nachtr\u00e4glich im Jahr 2005<\/p><p><strong>2006<\/strong> Renovierung der Werkstatt &#8211; neue Bedachung; Investition in ein neues, computergest\u00fctztes Kanten- und Profilbearbeitungssystem<\/p><p><strong>2007<\/strong> Erwerb der Sachkundepr\u00fcfung \u00fcber Grabmalpr\u00fcfung vor der DENAK (Deutsche Naturstein Akademie), sowie Anschaffung eines Pr\u00fcfger\u00e4tes zur Grabmalstandsicherheit<\/p><p><strong>2012<\/strong> Investitionen in eine neue Strahlkabine f\u00fcr Schrift\/Ornamentgestaltung und Bearbeitungsvarianten von Grabsteinen und Einfassungen<\/p><p><strong>2014<\/strong> Betriebsjubil\u00e4um &#8211; 90 Jahre Firma Merker<\/p><p><strong>2018<\/strong> Fachreise nach S\u00fcdafrika\/Rustenburg; Investition in eine neue Konturenseils\u00e4ge<\/p><p><strong>2024<\/strong> 100 Jahre Firma Merker&#8230;<\/p>\t\t\t\t\t\t\t\t<\/div>\n\t\t\t\t<\/div>\n\t\t\t\t\t<\/div>\n\t\t<\/div>\n\t\t\t\t\t<\/div>\n\t\t<\/section>\n\t\t\t\t<section class=\"elementor-section elementor-top-section elementor-element elementor-element-1cbf7c1 elementor-section-boxed elementor-section-height-default elementor-section-height-default\" data-id=\"1cbf7c1\" data-element_type=\"section\">\n\t\t\t\t\t\t<div class=\"elementor-container elementor-column-gap-default\">\n\t\t\t\t\t<div class=\"elementor-column elementor-col-100 elementor-top-column elementor-element elementor-element-db41f7c\" data-id=\"db41f7c\" data-element_type=\"column\">\n\t\t\t<div class=\"elementor-widget-wrap elementor-element-populated\">\n\t\t\t\t\t\t<div class=\"elementor-element elementor-element-23c2177 elementor-widget elementor-widget-image\" data-id=\"23c2177\" data-element_type=\"widget\" data-widget_type=\"image.default\">\n\t\t\t\t<div class=\"elementor-widget-container\">\n\t\t\t\t\t\t\t\t\t\t\t\t\t\t\t<img fetchpriority=\"high\" decoding=\"async\" width=\"1024\" height=\"288\" src=\"https:\/\/steinmetz-merker.com\/wp-content\/uploads\/2022\/10\/cropped-Logo_12_a.jpg\" class=\"attachment-large size-large wp-image-1019\" alt=\"\" srcset=\"https:\/\/steinmetz-merker.com\/wp-content\/uploads\/2022\/10\/cropped-Logo_12_a.jpg 1025w, https:\/\/steinmetz-merker.com\/wp-content\/uploads\/2022\/10\/cropped-Logo_12_a-300x84.jpg 300w, https:\/\/steinmetz-merker.com\/wp-content\/uploads\/2022\/10\/cropped-Logo_12_a-768x216.jpg 768w\" sizes=\"(max-width: 1024px) 100vw, 1024px\" \/>\t\t\t\t\t\t\t\t\t\t\t\t\t\t\t<\/div>\n\t\t\t\t<\/div>\n\t\t\t\t\t<\/div>\n\t\t<\/div>\n\t\t\t\t\t<\/div>\n\t\t<\/section>\n\t\t\t\t<\/div>\n\t\t","protected":false},"excerpt":{"rendered":"<p>Zeitreise Gr\u00fcndung 1924 durch Michael Merker in Zotzenbach 1947 Heinrich Merker senior *1911, Erwerb des Meistertitels in DA im Steinmetzhandwerk 1968 Heinrich Merker jun. *1939, Erwerb des Meistertitels als Steinmetz- und Steinbildhauer vor der HWK Wiesbaden 1980 Gr\u00fcndung der Filiale Eppelheim durch Hermann Merker 1990 Ralf Merker *1966, Erwerb des Meistertitels als Stein-, Schrift- und&hellip;<\/p>\n","protected":false},"author":1,"featured_media":0,"parent":0,"menu_order":0,"comment_status":"closed","ping_status":"closed","template":"","meta":{"footnotes":""},"class_list":["post-476","page","type-page","status-publish","hentry"],"_links":{"self":[{"href":"https:\/\/steinmetz-merker.com\/index.php?rest_route=\/wp\/v2\/pages\/476","targetHints":{"allow":["GET"]}}],"collection":[{"href":"https:\/\/steinmetz-merker.com\/index.php?rest_route=\/wp\/v2\/pages"}],"about":[{"href":"https:\/\/steinmetz-merker.com\/index.php?rest_route=\/wp\/v2\/types\/page"}],"author":[{"embeddable":true,"href":"https:\/\/steinmetz-merker.com\/index.php?rest_route=\/wp\/v2\/users\/1"}],"replies":[{"embeddable":true,"href":"https:\/\/steinmetz-merker.com\/index.php?rest_route=%2Fwp%2Fv2%2Fcomments&post=476"}],"version-history":[{"count":27,"href":"https:\/\/steinmetz-merker.com\/index.php?rest_route=\/wp\/v2\/pages\/476\/revisions"}],"predecessor-version":[{"id":1280,"href":"https:\/\/steinmetz-merker.com\/index.php?rest_route=\/wp\/v2\/pages\/476\/revisions\/1280"}],"wp:attachment":[{"href":"https:\/\/steinmetz-merker.com\/index.php?rest_route=%2Fwp%2Fv2%2Fmedia&parent=476"}],"curies":[{"name":"wp","href":"https:\/\/api.w.org\/{rel}","templated":true}]}}