{"id":461,"date":"2021-10-28T11:39:24","date_gmt":"2021-10-28T11:39:24","guid":{"rendered":"https:\/\/steinmetz-merker.com\/?page_id=461"},"modified":"2022-12-30T11:18:40","modified_gmt":"2022-12-30T11:18:40","slug":"leistungen","status":"publish","type":"page","link":"https:\/\/steinmetz-merker.com\/?page_id=461","title":{"rendered":"Leistungen"},"content":{"rendered":"\t\t<div data-elementor-type=\"wp-page\" data-elementor-id=\"461\" class=\"elementor elementor-461\">\n\t\t\t\t\t\t<section class=\"elementor-section elementor-top-section elementor-element elementor-element-21486b1d elementor-section-boxed elementor-section-height-default elementor-section-height-default\" data-id=\"21486b1d\" data-element_type=\"section\">\n\t\t\t\t\t\t<div class=\"elementor-container elementor-column-gap-default\">\n\t\t\t\t\t<div class=\"elementor-column elementor-col-100 elementor-top-column elementor-element elementor-element-4142f38e\" data-id=\"4142f38e\" data-element_type=\"column\">\n\t\t\t<div class=\"elementor-widget-wrap elementor-element-populated\">\n\t\t\t\t\t\t<div class=\"elementor-element elementor-element-f6bca23 elementor-widget elementor-widget-text-editor\" data-id=\"f6bca23\" data-element_type=\"widget\" data-widget_type=\"text-editor.default\">\n\t\t\t\t<div class=\"elementor-widget-container\">\n\t\t\t\t\t\t\t\t\t<p>Der Beruf des Steinmetzen ist seit Jahrhunderten Tradition. <strong>Wir<\/strong> f\u00fchren diese Tradition weiter! <strong>Wir<\/strong> stellen zu 95% alle Grabsteine, einschlie\u00dflich der Schrift, Ornamente, der Einfassung und der Abdeckung <strong>selbst<\/strong> her. Dies gilt auch f\u00fcr andere Projekte, wie z.B. Wappen und den Innenausbau.<\/p>\t\t\t\t\t\t\t\t<\/div>\n\t\t\t\t<\/div>\n\t\t\t\t<div class=\"elementor-element elementor-element-fac3823 elementor-widget elementor-widget-image\" data-id=\"fac3823\" data-element_type=\"widget\" data-widget_type=\"image.default\">\n\t\t\t\t<div class=\"elementor-widget-container\">\n\t\t\t\t\t\t\t\t\t\t\t\t\t\t\t<img decoding=\"async\" width=\"250\" height=\"188\" src=\"https:\/\/steinmetz-merker.com\/wp-content\/uploads\/2021\/10\/Leistung_03.jpg\" class=\"attachment-large size-large wp-image-463\" alt=\"\" \/>\t\t\t\t\t\t\t\t\t\t\t\t\t\t\t<\/div>\n\t\t\t\t<\/div>\n\t\t\t\t<div class=\"elementor-element elementor-element-737abd4 elementor-widget elementor-widget-text-editor\" data-id=\"737abd4\" data-element_type=\"widget\" data-widget_type=\"text-editor.default\">\n\t\t\t\t<div class=\"elementor-widget-container\">\n\t\t\t\t\t\t\t\t\t<p>Wir erledigen f\u00fcr Sie die genannten Arbeiten und sollte etwas nicht in der Aufstellung sein, so fragen Sie uns einfach danach.<\/p><p>Wir f\u00fchren ein reichhaltiges Lager mit verschiedenen Natursteinen und in den verschiedendsten Bearbeitungen &#8211; poliert, geflammt, bossiert und andere.<\/p>\t\t\t\t\t\t\t\t<\/div>\n\t\t\t\t<\/div>\n\t\t\t\t<section class=\"elementor-section elementor-inner-section elementor-element elementor-element-70f5d1f elementor-section-boxed elementor-section-height-default elementor-section-height-default\" data-id=\"70f5d1f\" data-element_type=\"section\">\n\t\t\t\t\t\t<div class=\"elementor-container elementor-column-gap-default\">\n\t\t\t\t\t<div class=\"elementor-column elementor-col-50 elementor-inner-column elementor-element elementor-element-16b693b\" data-id=\"16b693b\" data-element_type=\"column\">\n\t\t\t<div class=\"elementor-widget-wrap elementor-element-populated\">\n\t\t\t\t\t\t<div class=\"elementor-element elementor-element-af1d1bb elementor-widget elementor-widget-image\" data-id=\"af1d1bb\" data-element_type=\"widget\" data-widget_type=\"image.default\">\n\t\t\t\t<div class=\"elementor-widget-container\">\n\t\t\t\t\t\t\t\t\t\t\t\t\t\t\t<img fetchpriority=\"high\" decoding=\"async\" width=\"200\" height=\"300\" src=\"https:\/\/steinmetz-merker.com\/wp-content\/uploads\/2021\/12\/Sonstige05-200x300.jpg\" class=\"attachment-medium size-medium wp-image-657\" alt=\"\" srcset=\"https:\/\/steinmetz-merker.com\/wp-content\/uploads\/2021\/12\/Sonstige05-200x300.jpg 200w, https:\/\/steinmetz-merker.com\/wp-content\/uploads\/2021\/12\/Sonstige05.jpg 267w\" sizes=\"(max-width: 200px) 100vw, 200px\" \/>\t\t\t\t\t\t\t\t\t\t\t\t\t\t\t<\/div>\n\t\t\t\t<\/div>\n\t\t\t\t\t<\/div>\n\t\t<\/div>\n\t\t\t\t<div class=\"elementor-column elementor-col-50 elementor-inner-column elementor-element elementor-element-e0c912e\" data-id=\"e0c912e\" data-element_type=\"column\">\n\t\t\t<div class=\"elementor-widget-wrap elementor-element-populated\">\n\t\t\t\t\t\t<div class=\"elementor-element elementor-element-8c569af elementor-widget elementor-widget-spacer\" data-id=\"8c569af\" data-element_type=\"widget\" data-widget_type=\"spacer.default\">\n\t\t\t\t<div class=\"elementor-widget-container\">\n\t\t\t\t\t\t\t<div class=\"elementor-spacer\">\n\t\t\t<div class=\"elementor-spacer-inner\"><\/div>\n\t\t<\/div>\n\t\t\t\t\t\t<\/div>\n\t\t\t\t<\/div>\n\t\t\t\t<div class=\"elementor-element elementor-element-a5041da elementor-widget elementor-widget-image\" data-id=\"a5041da\" data-element_type=\"widget\" data-widget_type=\"image.default\">\n\t\t\t\t<div class=\"elementor-widget-container\">\n\t\t\t\t\t\t\t\t\t\t\t\t\t\t\t<img decoding=\"async\" width=\"112\" height=\"200\" src=\"https:\/\/steinmetz-merker.com\/wp-content\/uploads\/2021\/10\/Leistung_02.jpg\" class=\"attachment-large size-large wp-image-466\" alt=\"\" \/>\t\t\t\t\t\t\t\t\t\t\t\t\t\t\t<\/div>\n\t\t\t\t<\/div>\n\t\t\t\t\t<\/div>\n\t\t<\/div>\n\t\t\t\t\t<\/div>\n\t\t<\/section>\n\t\t\t\t<div class=\"elementor-element elementor-element-0fca853 elementor-widget elementor-widget-spacer\" data-id=\"0fca853\" data-element_type=\"widget\" data-widget_type=\"spacer.default\">\n\t\t\t\t<div class=\"elementor-widget-container\">\n\t\t\t\t\t\t\t<div class=\"elementor-spacer\">\n\t\t\t<div class=\"elementor-spacer-inner\"><\/div>\n\t\t<\/div>\n\t\t\t\t\t\t<\/div>\n\t\t\t\t<\/div>\n\t\t\t\t<div class=\"elementor-element elementor-element-d51df4a elementor-widget elementor-widget-heading\" data-id=\"d51df4a\" data-element_type=\"widget\" data-widget_type=\"heading.default\">\n\t\t\t\t<div class=\"elementor-widget-container\">\n\t\t\t\t\t<h3 class=\"elementor-heading-title elementor-size-default\">Grabmale<\/h3>\t\t\t\t<\/div>\n\t\t\t\t<\/div>\n\t\t\t\t<div class=\"elementor-element elementor-element-9a40bba elementor-widget elementor-widget-text-editor\" data-id=\"9a40bba\" data-element_type=\"widget\" data-widget_type=\"text-editor.default\">\n\t\t\t\t<div class=\"elementor-widget-container\">\n\t\t\t\t\t\t\t\t\t<ul><li>Gestaltung individueller Grabmale nach eigenen Entw\u00fcrfen f\u00fcr alle Grabarten (Einzel-. Tief-, Familien- und Urnengrabanlagen)<\/li><li>Grabmalantrag<\/li><li>Abdeckungen<\/li><li>Grabeinfassungen<\/li><li>Reperaturen von Grabanlagen auf dem Friedhof<\/li><li>Grababr\u00e4umungen bei Beerdigungen<\/li><li>Anbringen von Nachschriften auf dem Friedhof<\/li><li>Herstellung im eigenen Betrieb auch Fremdmodelle (geschmacksmustergesch\u00fctzte Formen) lieferbar<\/li><li>\u00a0Grabmalstandsicherheitspr\u00fcfung (auf Wunsch mit Protokoll)<\/li><li>Bildhauerarbeiten &#8211; auch nach Ihren Entw\u00fcrfen<\/li><li>Handwerkliche Einarbeitung von Schriften<\/li><li>Eigene Steinvasen<\/li><li>Grabschmuck und Inschriften aus Stein, Bronze, Edelstahl, Aluminium<\/li><li>Vorsorgevertr\u00e4ge<\/li><li>\u00a05 Jahre Garantie auf Fundamente<\/li><li>Reinigen von Grabanlagen auf dem Friedhof<\/li><li>Entfernung von Grabanlagen nach Ablauf der Ruhefrist<\/li><li>Beschriftung von Kolumbarien (Urnenplatten)<\/li><\/ul>\t\t\t\t\t\t\t\t<\/div>\n\t\t\t\t<\/div>\n\t\t\t\t<div class=\"elementor-element elementor-element-c5669e5 elementor-widget elementor-widget-heading\" data-id=\"c5669e5\" data-element_type=\"widget\" data-widget_type=\"heading.default\">\n\t\t\t\t<div class=\"elementor-widget-container\">\n\t\t\t\t\t<h3 class=\"elementor-heading-title elementor-size-default\">Bau\/Innenausbau<\/h3>\t\t\t\t<\/div>\n\t\t\t\t<\/div>\n\t\t\t\t<div class=\"elementor-element elementor-element-65d6c76 elementor-widget elementor-widget-text-editor\" data-id=\"65d6c76\" data-element_type=\"widget\" data-widget_type=\"text-editor.default\">\n\t\t\t\t<div class=\"elementor-widget-container\">\n\t\t\t\t\t\t\t\t\t<ul><li>.K\u00fcchenarbeitsplatten<\/li><li>Waschtische<\/li><li>M\u00f6bel, Regale, Tische&#8230;<\/li><li>Fensterb\u00e4nke<\/li><li>Treppen<\/li><\/ul>\t\t\t\t\t\t\t\t<\/div>\n\t\t\t\t<\/div>\n\t\t\t\t<div class=\"elementor-element elementor-element-3d36c07 elementor-widget elementor-widget-heading\" data-id=\"3d36c07\" data-element_type=\"widget\" data-widget_type=\"heading.default\">\n\t\t\t\t<div class=\"elementor-widget-container\">\n\t\t\t\t\t<h3 class=\"elementor-heading-title elementor-size-default\">Restaurierungen<\/h3>\t\t\t\t<\/div>\n\t\t\t\t<\/div>\n\t\t\t\t<div class=\"elementor-element elementor-element-4fb6c25 elementor-widget elementor-widget-heading\" data-id=\"4fb6c25\" data-element_type=\"widget\" data-widget_type=\"heading.default\">\n\t\t\t\t<div class=\"elementor-widget-container\">\n\t\t\t\t\t<h3 class=\"elementor-heading-title elementor-size-default\">Wappen, Haust\u00fcrschilder, Uhren<\/h3>\t\t\t\t<\/div>\n\t\t\t\t<\/div>\n\t\t\t\t<div class=\"elementor-element elementor-element-7fa06e5 elementor-widget elementor-widget-image\" data-id=\"7fa06e5\" data-element_type=\"widget\" data-widget_type=\"image.default\">\n\t\t\t\t<div class=\"elementor-widget-container\">\n\t\t\t\t\t\t\t\t\t\t\t\t\t\t\t<img loading=\"lazy\" decoding=\"async\" width=\"250\" height=\"186\" src=\"https:\/\/steinmetz-merker.com\/wp-content\/uploads\/2021\/10\/Schilder01.jpg\" class=\"attachment-large size-large wp-image-471\" alt=\"\" \/>\t\t\t\t\t\t\t\t\t\t\t\t\t\t\t<\/div>\n\t\t\t\t<\/div>\n\t\t\t\t<div class=\"elementor-element elementor-element-70e9615 elementor-widget elementor-widget-heading\" data-id=\"70e9615\" data-element_type=\"widget\" data-widget_type=\"heading.default\">\n\t\t\t\t<div class=\"elementor-widget-container\">\n\t\t\t\t\t<h3 class=\"elementor-heading-title elementor-size-default\">F\u00fcr Heimwerker<\/h3>\t\t\t\t<\/div>\n\t\t\t\t<\/div>\n\t\t\t\t<div class=\"elementor-element elementor-element-b309db1 elementor-widget elementor-widget-text-editor\" data-id=\"b309db1\" data-element_type=\"widget\" data-widget_type=\"text-editor.default\">\n\t\t\t\t<div class=\"elementor-widget-container\">\n\t\t\t\t\t\t\t\t\t<p>Sie sind selbst kreativ &#8211; wir bringen f\u00fcr Sie in unserer Werkstatt Bohrungen f\u00fcr Brunnen an, wir schneiden Pflastersteine zu,&#8230;<\/p>\t\t\t\t\t\t\t\t<\/div>\n\t\t\t\t<\/div>\n\t\t\t\t<div class=\"elementor-element elementor-element-ab8d252 elementor-widget elementor-widget-heading\" data-id=\"ab8d252\" data-element_type=\"widget\" data-widget_type=\"heading.default\">\n\t\t\t\t<div class=\"elementor-widget-container\">\n\t\t\t\t\t<h3 class=\"elementor-heading-title elementor-size-default\">Lohnarbeiten<\/h3>\t\t\t\t<\/div>\n\t\t\t\t<\/div>\n\t\t\t\t<div class=\"elementor-element elementor-element-56fd6ab elementor-widget elementor-widget-text-editor\" data-id=\"56fd6ab\" data-element_type=\"widget\" data-widget_type=\"text-editor.default\">\n\t\t\t\t<div class=\"elementor-widget-container\">\n\t\t\t\t\t\t\t\t\t<ul><li>Seils\u00e4geschnitte<\/li><li>Tranchenpolitur<\/li><\/ul>\t\t\t\t\t\t\t\t<\/div>\n\t\t\t\t<\/div>\n\t\t\t\t\t<\/div>\n\t\t<\/div>\n\t\t\t\t\t<\/div>\n\t\t<\/section>\n\t\t\t\t<\/div>\n\t\t","protected":false},"excerpt":{"rendered":"<p>Der Beruf des Steinmetzen ist seit Jahrhunderten Tradition. Wir f\u00fchren diese Tradition weiter! Wir stellen zu 95% alle Grabsteine, einschlie\u00dflich der Schrift, Ornamente, der Einfassung und der Abdeckung selbst her. Dies gilt auch f\u00fcr andere Projekte, wie z.B. Wappen und den Innenausbau. Wir erledigen f\u00fcr Sie die genannten Arbeiten und sollte etwas nicht in der&hellip;<\/p>\n","protected":false},"author":1,"featured_media":0,"parent":0,"menu_order":0,"comment_status":"closed","ping_status":"closed","template":"","meta":{"footnotes":""},"class_list":["post-461","page","type-page","status-publish","hentry"],"_links":{"self":[{"href":"https:\/\/steinmetz-merker.com\/index.php?rest_route=\/wp\/v2\/pages\/461","targetHints":{"allow":["GET"]}}],"collection":[{"href":"https:\/\/steinmetz-merker.com\/index.php?rest_route=\/wp\/v2\/pages"}],"about":[{"href":"https:\/\/steinmetz-merker.com\/index.php?rest_route=\/wp\/v2\/types\/page"}],"author":[{"embeddable":true,"href":"https:\/\/steinmetz-merker.com\/index.php?rest_route=\/wp\/v2\/users\/1"}],"replies":[{"embeddable":true,"href":"https:\/\/steinmetz-merker.com\/index.php?rest_route=%2Fwp%2Fv2%2Fcomments&post=461"}],"version-history":[{"count":26,"href":"https:\/\/steinmetz-merker.com\/index.php?rest_route=\/wp\/v2\/pages\/461\/revisions"}],"predecessor-version":[{"id":1149,"href":"https:\/\/steinmetz-merker.com\/index.php?rest_route=\/wp\/v2\/pages\/461\/revisions\/1149"}],"wp:attachment":[{"href":"https:\/\/steinmetz-merker.com\/index.php?rest_route=%2Fwp%2Fv2%2Fmedia&parent=461"}],"curies":[{"name":"wp","href":"https:\/\/api.w.org\/{rel}","templated":true}]}}